{"id":8193,"date":"2021-11-28T10:24:03","date_gmt":"2021-11-28T10:24:03","guid":{"rendered":"https:\/\/www.lichtkunstlicht.com\/imprint\/"},"modified":"2023-12-07T10:40:32","modified_gmt":"2023-12-07T10:40:32","slug":"impressum","status":"publish","type":"page","link":"https:\/\/www.lichtkunstlicht.com\/de\/impressum\/","title":{"rendered":"Impressum"},"content":{"rendered":"<p class=\"p1\"><strong>LICHT KUNST LICHT AG<\/strong><br \/>\nIngenieure Designer Architekten f\u00fcr Beleuchtung<\/p>\n<p class=\"p1\">Jagdweg 16 | 53115 Bonn<br \/>\nTel +49 228 914 22-0 <span class=\"Apple-converted-space\">\u00a0 <\/span>Fax +49 (0) 228 911 244<br \/>\n<span class=\"s1\"><a href=\"mailto:bonn@lichtkunstlicht.com\">bonn@lichtkunstlicht.com<\/a><\/span><span class=\"Apple-converted-space\">\u00a0<\/span><\/p>\n<p class=\"p1\">Schlesische Strasse 27 | 10997 Berlin<br \/>\nTel +49 30 617 931-0 <span class=\"Apple-converted-space\">\u00a0 <\/span>Fax +49 (0) 30 617 0083<br \/>\n<span class=\"s1\"><a href=\"mailto:berlin@lichtkunstlicht.com\">berlin@lichtkunstlicht.com<\/a><\/span><\/p>\n<p class=\"p1\"><strong>LKL Design Hub Barcelona S.L.<\/strong><br \/>\nCarrer de Llull 57, \u00e1tico 5 | 08005 Barcelona<br \/>\nTel +34 930 180 990<br \/>\n<span class=\"s1\"><a href=\"mailto:barcelona@lichtkunstlicht.com\">barcelona@lichtkunstlicht.com<\/a><br \/>\n<\/span><span class=\"s1\"><a href=\"mailto:barcelona@lkldesignhub.com\">barcelona@lkldesignhub.com<\/a><\/span><\/p>\n<p><strong>LKL Lighting Design, India Pvt. Ltd.<br \/>\n<\/strong>#45\/1 | 2nd Main, Koramangala 1st Block | 560034 Bangalore | Karnataka<br \/>\nTel +91 81052 909 39<br \/>\nbangalore@lichtkunstlicht.com<\/p>\n<p class=\"p3\"><strong>Websitedesign, Konzept und Vorlage:<\/strong><b><span class=\"Apple-converted-space\"><br \/>\n<\/span><\/b><a href=\"https:\/\/martillo.studio\">Martillo<\/a><br \/>\n<a href=\"mailto:hola@martillo.studio\">hola@martillo.studio<\/a><br \/>\n<a href=\"https:\/\/martillo.studio\"><span class=\"s2\">https:\/\/martillo.studio<\/span><\/a><\/p>\n<p class=\"p1\"><strong>Haftung und Angaben gem\u00e4\u00df \u00a7 5 TMG<\/strong><b><br \/>\n<\/b>Licht Kunst Licht AG<br \/>\nJagdweg 16<br \/>\n53115 Bonn<br \/>\nRepr\u00e4sentiert von: Prof. Dipl.-Ing. Andreas Schulz<\/p>\n<p class=\"p1\"><strong>Handelsregistereintrag<\/strong><b><br \/>\n<\/b>Eintragung im Handelsregister<br \/>\nRegistergericht: Amtsgericht Bonn<br \/>\nEintragungsnummer: HRB 14779<br \/>\nAufsichtsratsvorsitzender: Lennart Krause<br \/>\nVorstandsvorsitzender: Prof. Dipl.-Ing. Andreas Schulz<\/p>\n<p class=\"p1\"><strong>Steuernummer<\/strong><b><br \/>\n<\/b>Umsatzsteuer-Identifikationsnummer in \u00dcbereinstimmung mit \u00a7 27 MwSt-Gesetz:<br \/>\nDE 164 181 260<br \/>\nVerantwortlich f\u00fcr den Inhalt nach \u00a7 55 Abs. 2 RStV:<br \/>\nProf. Dipl.-Ing. Andreas Schulz<br \/>\nJagdweg 16<br \/>\nD-53115 Bonn<\/p>\n<p class=\"p1\"><b>St\u00e4delsches Kunstinstitut und St\u00e4dtische Galerie, Frankfurt am Main:<br \/>\n<\/b>\u00a9 VG Bild-Kunst, Bonn 2016 f\u00fcr die Arbeiten von:<br \/>\nKatharina Sieverding<br \/>\nHermann Gl\u00f6ckner<br \/>\nJean Arp<br \/>\nDaniel Richter<br \/>\nIsa Genzken<br \/>\nDierk Schmidt<br \/>\nBernard Schultze<br \/>\nAntonius H\u00f6ckelmann<br \/>\nEmil Schumacher<br \/>\nKarl Otto G\u00f6tz<br \/>\nImi Knoebel<br \/>\nHermann Nitsch<br \/>\nNeo Rauch<\/p>\n<p class=\"p1\"><b>K21 Kunstsammlung &#8222;St\u00e4ndehaus&#8220;, D\u00fcsseldorf:<br \/>\n<\/b>\u00a9 VG Bild-Kunst, Bonn 2016 for the works of:<br \/>\nThomas Sch\u00fctte<\/p>\n<p class=\"p1\"><strong>Haftungsausschluss<\/strong><\/p>\n<p class=\"p1\"><strong>Inhalte der Webseite:<\/strong><br \/>\nDie Inhalte dieser Webseite wurden sorgf\u00e4ltig und nach aktuellem Kenntnisstand des Autors erstellt. Wir sind f\u00fcr diese nur im Rahmen der allgemeinen Gesetze verantwortlich, insbesondere f\u00fcr eigene Inhalte nach \u00a7 7 TMG, f\u00fcr fremde Inhalte gem. \u00a7\u00a7 8 \u2013 10 TMG. Als Diensteanbieter sind wir f\u00fcr fremde Inhalte fr\u00fchestens ab Kenntniserlangung einer konkreten Rechtsverletzung verantwortlich. Wir behalten uns vor, die informatorischen Inhalte vollst\u00e4ndig oder teilweise zu \u00e4ndern oder l\u00f6schen, soweit vertragliche Verpflichtungen unber\u00fchrt bleiben.<\/p>\n<p class=\"p1\"><b>Haftung f\u00fcr fremde Links:<br \/>\n<\/b>Inhalte fremder Webseiten, auf die wir direkt oder indirekt verweisen (durch \u201eHyperlinks\u201c oder \u201eDeeplinks\u201c), liegen au\u00dferhalb unseres Verantwortungsbereiches und machen wir uns nicht zu Eigen. Zum Zeitpunkt der Linksetzung waren f\u00fcr uns keine illegalen Inhalte auf den verlinkten Webseiten erkennbar. Da wir auf die aktuelle und zuk\u00fcnftige Gestaltung die Inhalte der verlinkten Webseiten keinerlei Einfluss haben, distanzieren wir uns ausdr\u00fccklich von allen Inhalten verlinkter Webseiten, die nach der Linksetzung ver\u00e4ndert wurden. F\u00fcr alle Inhalte und insbesondere f\u00fcr Sch\u00e4den, die aus der Nutzung der in den verlinkten Webseiten aufrufbaren Informationen entstehen, haftet allein der Anbieter der Seite, auf welche verlinkt wurde. Erhalten wir von illegalen, rechtswidrigen oder fehlerhaften Inhalten auf Webseiten Kenntnis, die wir verlinken, werden wir die Verlinkung aufheben.<\/p>\n<p class=\"p1\"><b>Urheberrecht<br \/>\n<\/b>Alle auf dieser Webseite dargestellten Inhalte, also insbesondere Texte, Bilder, Fotos, grafische Darstellungen, Musiken, Marken, Warenzeichen, unterliegen den Normen des deutschen Urheberrechts. Die Verwendung, Vervielf\u00e4ltigung usw. unterliegt den Rechten der jeweiligen Urheber bzw. Rechteverwalter. Wenn Sie solche Werke verwenden wollen, werden wir auf Anfrage gerne den Kontakt zum jeweiligen Urheber\/Rechteverwalter herstellen.<\/p>\n","protected":false},"excerpt":{"rendered":"<p>LICHT KUNST LICHT AG Ingenieure Designer Architekten f\u00fcr Beleuchtung Jagdweg 16 | 53115 Bonn Tel +49 228 914 22-0 \u00a0 Fax +49 (0) 228 911 244 bonn@lichtkunstlicht.com\u00a0 Schlesische Strasse 27 | 10997 Berlin Tel +49 30 617 931-0 \u00a0 Fax +49 (0) 30 617 0083 berlin@lichtkunstlicht.com LKL Design Hub Barcelona S.L. Carrer de Llull 57, &hellip; <a href=\"https:\/\/www.lichtkunstlicht.com\/de\/impressum\/\">Continued<\/a><\/p>\n","protected":false},"author":6,"featured_media":0,"parent":0,"menu_order":4,"comment_status":"closed","ping_status":"closed","template":"","meta":{"_acf_changed":false,"footnotes":""},"class_list":["post-8193","page","type-page","status-publish","hentry"],"acf":[],"yoast_head":"<!-- This site is optimized with the Yoast SEO plugin v27.4 - https:\/\/yoast.com\/product\/yoast-seo-wordpress\/ -->\n<title>Impressum - Licht Kunst Licht AG<\/title>\n<meta name=\"robots\" content=\"index, follow, max-snippet:-1, max-image-preview:large, max-video-preview:-1\" \/>\n<link rel=\"canonical\" href=\"https:\/\/www.lichtkunstlicht.com\/de\/impressum\/\" \/>\n<meta property=\"og:locale\" content=\"de_DE\" \/>\n<meta property=\"og:type\" content=\"article\" \/>\n<meta property=\"og:title\" content=\"Impressum - Licht Kunst Licht AG\" \/>\n<meta property=\"og:description\" content=\"LICHT KUNST LICHT AG Ingenieure Designer Architekten f\u00fcr Beleuchtung Jagdweg 16 | 53115 Bonn Tel +49 228 914 22-0 \u00a0 Fax +49 (0) 228 911 244 bonn@lichtkunstlicht.com\u00a0 Schlesische Strasse 27 | 10997 Berlin Tel +49 30 617 931-0 \u00a0 Fax +49 (0) 30 617 0083 berlin@lichtkunstlicht.com LKL Design Hub Barcelona S.L. Carrer de Llull 57, &hellip; Continued\" \/>\n<meta property=\"og:url\" content=\"https:\/\/www.lichtkunstlicht.com\/de\/impressum\/\" \/>\n<meta property=\"og:site_name\" content=\"Licht Kunst Licht AG\" \/>\n<meta property=\"article:modified_time\" content=\"2023-12-07T10:40:32+00:00\" \/>\n<meta name=\"twitter:card\" content=\"summary_large_image\" \/>\n<meta name=\"twitter:label1\" content=\"Gesch\u00e4tzte Lesezeit\" \/>\n\t<meta name=\"twitter:data1\" content=\"3\u00a0Minuten\" \/>\n<script type=\"application\/ld+json\" class=\"yoast-schema-graph\">{\"@context\":\"https:\\\/\\\/schema.org\",\"@graph\":[{\"@type\":\"WebPage\",\"@id\":\"https:\\\/\\\/www.lichtkunstlicht.com\\\/de\\\/impressum\\\/\",\"url\":\"https:\\\/\\\/www.lichtkunstlicht.com\\\/de\\\/impressum\\\/\",\"name\":\"Impressum - Licht Kunst Licht AG\",\"isPartOf\":{\"@id\":\"https:\\\/\\\/www.lichtkunstlicht.com\\\/de\\\/#website\"},\"datePublished\":\"2021-11-28T10:24:03+00:00\",\"dateModified\":\"2023-12-07T10:40:32+00:00\",\"breadcrumb\":{\"@id\":\"https:\\\/\\\/www.lichtkunstlicht.com\\\/de\\\/impressum\\\/#breadcrumb\"},\"inLanguage\":\"de\",\"potentialAction\":[{\"@type\":\"ReadAction\",\"target\":[\"https:\\\/\\\/www.lichtkunstlicht.com\\\/de\\\/impressum\\\/\"]}]},{\"@type\":\"BreadcrumbList\",\"@id\":\"https:\\\/\\\/www.lichtkunstlicht.com\\\/de\\\/impressum\\\/#breadcrumb\",\"itemListElement\":[{\"@type\":\"ListItem\",\"position\":1,\"name\":\"Home\",\"item\":\"https:\\\/\\\/www.lichtkunstlicht.com\\\/de\\\/\"},{\"@type\":\"ListItem\",\"position\":2,\"name\":\"Impressum\"}]},{\"@type\":\"WebSite\",\"@id\":\"https:\\\/\\\/www.lichtkunstlicht.com\\\/de\\\/#website\",\"url\":\"https:\\\/\\\/www.lichtkunstlicht.com\\\/de\\\/\",\"name\":\"Licht Kunst Licht AG\",\"description\":\"Lighting Design\",\"inLanguage\":\"de\"}]}<\/script>\n<!-- \/ Yoast SEO plugin. -->","yoast_head_json":{"title":"Impressum - Licht Kunst Licht AG","robots":{"index":"index","follow":"follow","max-snippet":"max-snippet:-1","max-image-preview":"max-image-preview:large","max-video-preview":"max-video-preview:-1"},"canonical":"https:\/\/www.lichtkunstlicht.com\/de\/impressum\/","og_locale":"de_DE","og_type":"article","og_title":"Impressum - Licht Kunst Licht AG","og_description":"LICHT KUNST LICHT AG Ingenieure Designer Architekten f\u00fcr Beleuchtung Jagdweg 16 | 53115 Bonn Tel +49 228 914 22-0 \u00a0 Fax +49 (0) 228 911 244 bonn@lichtkunstlicht.com\u00a0 Schlesische Strasse 27 | 10997 Berlin Tel +49 30 617 931-0 \u00a0 Fax +49 (0) 30 617 0083 berlin@lichtkunstlicht.com LKL Design Hub Barcelona S.L. Carrer de Llull 57, &hellip; Continued","og_url":"https:\/\/www.lichtkunstlicht.com\/de\/impressum\/","og_site_name":"Licht Kunst Licht AG","article_modified_time":"2023-12-07T10:40:32+00:00","twitter_card":"summary_large_image","twitter_misc":{"Gesch\u00e4tzte Lesezeit":"3\u00a0Minuten"},"schema":{"@context":"https:\/\/schema.org","@graph":[{"@type":"WebPage","@id":"https:\/\/www.lichtkunstlicht.com\/de\/impressum\/","url":"https:\/\/www.lichtkunstlicht.com\/de\/impressum\/","name":"Impressum - Licht Kunst Licht AG","isPartOf":{"@id":"https:\/\/www.lichtkunstlicht.com\/de\/#website"},"datePublished":"2021-11-28T10:24:03+00:00","dateModified":"2023-12-07T10:40:32+00:00","breadcrumb":{"@id":"https:\/\/www.lichtkunstlicht.com\/de\/impressum\/#breadcrumb"},"inLanguage":"de","potentialAction":[{"@type":"ReadAction","target":["https:\/\/www.lichtkunstlicht.com\/de\/impressum\/"]}]},{"@type":"BreadcrumbList","@id":"https:\/\/www.lichtkunstlicht.com\/de\/impressum\/#breadcrumb","itemListElement":[{"@type":"ListItem","position":1,"name":"Home","item":"https:\/\/www.lichtkunstlicht.com\/de\/"},{"@type":"ListItem","position":2,"name":"Impressum"}]},{"@type":"WebSite","@id":"https:\/\/www.lichtkunstlicht.com\/de\/#website","url":"https:\/\/www.lichtkunstlicht.com\/de\/","name":"Licht Kunst Licht AG","description":"Lighting Design","inLanguage":"de"}]}},"_links":{"self":[{"href":"https:\/\/www.lichtkunstlicht.com\/de\/wp-json\/wp\/v2\/pages\/8193","targetHints":{"allow":["GET"]}}],"collection":[{"href":"https:\/\/www.lichtkunstlicht.com\/de\/wp-json\/wp\/v2\/pages"}],"about":[{"href":"https:\/\/www.lichtkunstlicht.com\/de\/wp-json\/wp\/v2\/types\/page"}],"author":[{"embeddable":true,"href":"https:\/\/www.lichtkunstlicht.com\/de\/wp-json\/wp\/v2\/users\/6"}],"replies":[{"embeddable":true,"href":"https:\/\/www.lichtkunstlicht.com\/de\/wp-json\/wp\/v2\/comments?post=8193"}],"version-history":[{"count":6,"href":"https:\/\/www.lichtkunstlicht.com\/de\/wp-json\/wp\/v2\/pages\/8193\/revisions"}],"predecessor-version":[{"id":10451,"href":"https:\/\/www.lichtkunstlicht.com\/de\/wp-json\/wp\/v2\/pages\/8193\/revisions\/10451"}],"wp:attachment":[{"href":"https:\/\/www.lichtkunstlicht.com\/de\/wp-json\/wp\/v2\/media?parent=8193"}],"curies":[{"name":"wp","href":"https:\/\/api.w.org\/{rel}","templated":true}]}}